{"id":91270,"date":"2024-11-09T06:24:55","date_gmt":"2024-11-09T06:24:55","guid":{"rendered":"https:\/\/wordpress.zozothemes.com\/seoinux\/?page_id=16"},"modified":"2025-05-27T00:56:29","modified_gmt":"2025-05-27T00:56:29","slug":"home","status":"publish","type":"page","link":"https:\/\/www.studio-origami.fr\/","title":{"rendered":"Home"},"content":{"rendered":"\t\t<div data-elementor-type=\"wp-page\" data-elementor-id=\"91270\" class=\"elementor elementor-91270\">\n\t\t\t\t<div class=\"elementor-element elementor-element-dc99435 e-flex e-con-boxed text-reveal-no e-con e-parent\" data-id=\"dc99435\" data-element_type=\"container\" data-settings=\"{&quot;background_background&quot;:&quot;gradient&quot;}\">\n\t\t\t\t\t<div class=\"e-con-inner\">\n\t\t<div class=\"elementor-element elementor-element-b538e80 e-flex e-con-boxed text-reveal-no e-con e-child\" data-id=\"b538e80\" data-element_type=\"container\">\n\t\t\t\t\t<div class=\"e-con-inner\">\n\t\t<div class=\"elementor-element elementor-element-e174551 e-con-full e-flex text-reveal-no e-con e-child\" data-id=\"e174551\" data-element_type=\"container\">\n\t\t\t\t<div class=\"elementor-element elementor-element-9e99159 cea-align-center elementor-widget elementor-widget-ceasectiontitle\" data-id=\"9e99159\" data-element_type=\"widget\" data-widget_type=\"ceasectiontitle.default\">\n\t\t\t\t<div class=\"elementor-widget-container\">\n\t\t\t\t\t<div class=\"section-title-wrapper\"><div class=\"title-wrap\"><h2 class=\"sub-title\"><span class=\"subtitle-dots \" >objectif<\/span><\/h2><h2 class=\"section-title none\" data-animation=\"none\">\u00c9tudions ensemble votre projet<\/h2><\/div><!-- .title-wrap --><div class=\"section-description\"><\/div><!-- .section-description --><\/div><!-- .section-title-wrapper -->\t\t\t\t<\/div>\n\t\t\t\t<\/div>\n\t\t\t\t<\/div>\n\t\t\t\t\t<\/div>\n\t\t\t\t<\/div>\n\t\t<div class=\"elementor-element elementor-element-3dd5439 e-con-full e-flex text-reveal-no e-con e-child\" data-id=\"3dd5439\" data-element_type=\"container\">\n\t\t<div class=\"elementor-element elementor-element-f7fcd20 e-con-full e-flex text-reveal-no e-con e-child\" data-id=\"f7fcd20\" data-element_type=\"container\">\n\t\t<div class=\"elementor-element elementor-element-4246131 e-con-full e-flex text-reveal-no e-con e-child\" data-id=\"4246131\" data-element_type=\"container\">\n\t\t\t\t<div class=\"elementor-element elementor-element-1d60a22 elementor-absolute elementor-hidden-tablet elementor-hidden-mobile elementor-widget elementor-widget-image\" data-id=\"1d60a22\" data-element_type=\"widget\" data-settings=\"{&quot;_position&quot;:&quot;absolute&quot;}\" data-widget_type=\"image.default\">\n\t\t\t\t<div class=\"elementor-widget-container\">\n\t\t\t\t\t\t\t\t\t\t\t\t\t\t\t<img decoding=\"async\" width=\"288\" height=\"130\" src=\"https:\/\/www.studio-origami.fr\/wp-content\/uploads\/2025\/01\/feature-arrow-img1.png\" class=\"attachment-full size-full wp-image-15440\" alt=\"\" \/>\t\t\t\t\t\t\t\t\t\t\t\t\t\t\t<\/div>\n\t\t\t\t<\/div>\n\t\t\t\t<div class=\"elementor-element elementor-element-456d29e fb-odd cea-view-default elementor-widget elementor-widget-ceafeaturebox\" data-id=\"456d29e\" data-element_type=\"widget\" data-widget_type=\"ceafeaturebox.default\">\n\t\t\t\t<div class=\"elementor-widget-container feature-box-wrapper feature-box-classic\">\n\t\t\t<div class=\"feature-box-inner\"><figure class=\"cea-feature-box-img\"><img decoding=\"async\" src=\"https:\/\/www.studio-origami.fr\/wp-content\/uploads\/elementor\/thumbs\/megaphone-1-r690yc2erf8spjh6qnlw50j7nfc7420m8377sncm80.png\" megaphone megaphone \/><\/figure><div class=\"fbox-number\">01.<\/div><h4 class=\"feature-box-title\">Nous \u00e9tudions votre projet en \u00e9troite collaboration avec vous, pour une solution parfaitement adapt\u00e9e<\/h4><\/div>\t\t<\/div>\n\t\t\t\t<\/div>\n\t\t\t\t<\/div>\n\t\t<div class=\"elementor-element elementor-element-26a4166 e-con-full e-flex text-reveal-no e-con e-child\" data-id=\"26a4166\" data-element_type=\"container\">\n\t\t\t\t<div class=\"elementor-element elementor-element-9ea6024 elementor-absolute elementor-hidden-tablet elementor-hidden-mobile elementor-widget elementor-widget-image\" data-id=\"9ea6024\" data-element_type=\"widget\" data-settings=\"{&quot;_position&quot;:&quot;absolute&quot;}\" data-widget_type=\"image.default\">\n\t\t\t\t<div class=\"elementor-widget-container\">\n\t\t\t\t\t\t\t\t\t\t\t\t\t\t\t<img decoding=\"async\" width=\"289\" height=\"130\" src=\"https:\/\/www.studio-origami.fr\/wp-content\/uploads\/2025\/01\/feature-arrow-img.png\" class=\"attachment-full size-full wp-image-15439\" alt=\"\" \/>\t\t\t\t\t\t\t\t\t\t\t\t\t\t\t<\/div>\n\t\t\t\t<\/div>\n\t\t\t\t<div class=\"elementor-element elementor-element-c031e6f fb-odd cea-view-default elementor-widget elementor-widget-ceafeaturebox\" data-id=\"c031e6f\" data-element_type=\"widget\" data-widget_type=\"ceafeaturebox.default\">\n\t\t\t\t<div class=\"elementor-widget-container feature-box-wrapper feature-box-classic\">\n\t\t\t<div class=\"feature-box-inner\"><figure class=\"cea-feature-box-img\"><img decoding=\"async\" src=\"https:\/\/www.studio-origami.fr\/wp-content\/uploads\/elementor\/thumbs\/boost-r690yc2erf8spjh6qnlw50j7nfc7420m8377sncm80.png\" boost boost \/><\/figure><div class=\"fbox-number\">02.<\/div><h4 class=\"feature-box-title\">Une premi\u00e8re version est mise en ligne rapidement, pour que nous puissions ensemble ajuster chaque d\u00e9tail selon vos attentes<\/h4><\/div>\t\t<\/div>\n\t\t\t\t<\/div>\n\t\t\t\t<\/div>\n\t\t\t\t<\/div>\n\t\t<div class=\"elementor-element elementor-element-c3af377 e-con-full e-flex text-reveal-no e-con e-child\" data-id=\"c3af377\" data-element_type=\"container\">\n\t\t<div class=\"elementor-element elementor-element-a00585a e-con-full e-flex text-reveal-no e-con e-child\" data-id=\"a00585a\" data-element_type=\"container\">\n\t\t\t\t<div class=\"elementor-element elementor-element-6e5b401 elementor-absolute elementor-hidden-tablet elementor-hidden-mobile elementor-widget elementor-widget-image\" data-id=\"6e5b401\" data-element_type=\"widget\" data-settings=\"{&quot;_position&quot;:&quot;absolute&quot;}\" data-widget_type=\"image.default\">\n\t\t\t\t<div class=\"elementor-widget-container\">\n\t\t\t\t\t\t\t\t\t\t\t\t\t\t\t<img decoding=\"async\" width=\"288\" height=\"130\" src=\"https:\/\/www.studio-origami.fr\/wp-content\/uploads\/2025\/01\/feature-arrow-img1.png\" class=\"attachment-full size-full wp-image-15440\" alt=\"\" \/>\t\t\t\t\t\t\t\t\t\t\t\t\t\t\t<\/div>\n\t\t\t\t<\/div>\n\t\t\t\t<div class=\"elementor-element elementor-element-6987cd4 fb-odd cea-view-default elementor-widget elementor-widget-ceafeaturebox\" data-id=\"6987cd4\" data-element_type=\"widget\" data-widget_type=\"ceafeaturebox.default\">\n\t\t\t\t<div class=\"elementor-widget-container feature-box-wrapper feature-box-classic\">\n\t\t\t<div class=\"feature-box-inner\"><figure class=\"cea-feature-box-img\"><img decoding=\"async\" src=\"https:\/\/www.studio-origami.fr\/wp-content\/uploads\/elementor\/thumbs\/coding-r690y98w6x4xqpla74e0fj8tv9q3gypf7p8rctgsqo.png\" coding coding \/><\/figure><div class=\"fbox-number\">03.<\/div><h4 class=\"feature-box-title\">Nous adaptons les derniers d\u00e9tails \u00e0 votre image, puis optimisons enti\u00e8rement le r\u00e9f\u00e9rencement de votre site pour assurer sa visibilit\u00e9<\/h4><\/div>\t\t<\/div>\n\t\t\t\t<\/div>\n\t\t\t\t<\/div>\n\t\t<div class=\"elementor-element elementor-element-f5ca73e e-con-full e-flex text-reveal-no e-con e-child\" data-id=\"f5ca73e\" data-element_type=\"container\">\n\t\t\t\t<div class=\"elementor-element elementor-element-beaac04 elementor-absolute elementor-hidden-tablet elementor-hidden-mobile elementor-widget elementor-widget-image\" data-id=\"beaac04\" data-element_type=\"widget\" data-settings=\"{&quot;_position&quot;:&quot;absolute&quot;}\" data-widget_type=\"image.default\">\n\t\t\t\t<div class=\"elementor-widget-container\">\n\t\t\t\t\t\t\t\t\t\t\t\t\t\t\t<img decoding=\"async\" width=\"289\" height=\"130\" src=\"https:\/\/www.studio-origami.fr\/wp-content\/uploads\/2025\/01\/feature-arrow-img.png\" class=\"attachment-full size-full wp-image-15439\" alt=\"\" \/>\t\t\t\t\t\t\t\t\t\t\t\t\t\t\t<\/div>\n\t\t\t\t<\/div>\n\t\t\t\t<div class=\"elementor-element elementor-element-48bb0c0 fb-odd cea-view-default elementor-widget elementor-widget-ceafeaturebox\" data-id=\"48bb0c0\" data-element_type=\"widget\" data-widget_type=\"ceafeaturebox.default\">\n\t\t\t\t<div class=\"elementor-widget-container feature-box-wrapper feature-box-classic\">\n\t\t\t<div class=\"feature-box-inner\"><figure class=\"cea-feature-box-img\"><img decoding=\"async\" src=\"https:\/\/www.studio-origami.fr\/wp-content\/uploads\/elementor\/thumbs\/connection-r690yd08y9a315ftl60ipiao8t7kbr4ck7up9xb81s.png\" connection connection \/><\/figure><div class=\"fbox-number\">04.<\/div><h4 class=\"feature-box-title\">Votre site est en ligne. Nous le diffusons sur nos r\u00e9seaux et optimisons sa visibilit\u00e9 sur les moteurs de recherche, pour vous garantir un impact maximal<\/h4><\/div>\t\t<\/div>\n\t\t\t\t<\/div>\n\t\t\t\t<\/div>\n\t\t\t\t<\/div>\n\t\t\t\t<\/div>\n\t\t\t\t\t<\/div>\n\t\t\t\t<\/div>\n\t\t<div class=\"elementor-element elementor-element-7df3cc5 e-flex e-con-boxed text-reveal-no e-con e-parent\" data-id=\"7df3cc5\" data-element_type=\"container\" data-settings=\"{&quot;background_background&quot;:&quot;classic&quot;}\">\n\t\t\t\t\t<div class=\"e-con-inner\">\n\t\t<div class=\"elementor-element elementor-element-6ec54f2 e-con-full e-flex text-reveal-no e-con e-child\" data-id=\"6ec54f2\" data-element_type=\"container\">\n\t\t<div class=\"elementor-element elementor-element-10b76c0 e-con-full square-before e-flex text-reveal-no e-con e-child\" data-id=\"10b76c0\" data-element_type=\"container\">\n\t\t\t\t<div class=\"elementor-element elementor-element-596c544 elementor-widget elementor-widget-image\" data-id=\"596c544\" data-element_type=\"widget\" data-widget_type=\"image.default\">\n\t\t\t\t<div class=\"elementor-widget-container\">\n\t\t\t\t\t\t\t\t\t\t\t\t\t\t\t<img fetchpriority=\"high\" decoding=\"async\" width=\"1024\" height=\"1536\" src=\"https:\/\/www.studio-origami.fr\/wp-content\/uploads\/2025\/05\/Agence-communication-Saumur-internet.png\" class=\"attachment-full size-full wp-image-91458\" alt=\"\" srcset=\"https:\/\/www.studio-origami.fr\/wp-content\/uploads\/2025\/05\/Agence-communication-Saumur-internet.png 1024w, https:\/\/www.studio-origami.fr\/wp-content\/uploads\/2025\/05\/Agence-communication-Saumur-internet-768x1152.png 768w, https:\/\/www.studio-origami.fr\/wp-content\/uploads\/2025\/05\/Agence-communication-Saumur-internet-600x900.png 600w\" sizes=\"(max-width: 1024px) 100vw, 1024px\" \/>\t\t\t\t\t\t\t\t\t\t\t\t\t\t\t<\/div>\n\t\t\t\t<\/div>\n\t\t<div class=\"elementor-element elementor-element-e0a10db e-con-full e-flex text-reveal-no e-con e-child\" data-id=\"e0a10db\" data-element_type=\"container\" data-settings=\"{&quot;background_background&quot;:&quot;classic&quot;}\">\n\t\t\t\t<div class=\"elementor-element elementor-element-42b2fb6 text-center elementor-widget elementor-widget-counter\" data-id=\"42b2fb6\" data-element_type=\"widget\" data-widget_type=\"counter.default\">\n\t\t\t\t<div class=\"elementor-widget-container\">\n\t\t\t\t\t\t\t<div class=\"elementor-counter\">\n\t\t\t<div class=\"elementor-counter-title\">projets r\u00e9alis\u00e9s avec succ\u00e8s depuis 2015<\/div>\t\t\t<div class=\"elementor-counter-number-wrapper\">\n\t\t\t\t<span class=\"elementor-counter-number-prefix\"><\/span>\n\t\t\t\t<span class=\"elementor-counter-number\" data-duration=\"4000\" data-to-value=\"275\" data-from-value=\"0\" data-delimiter=\",\">0<\/span>\n\t\t\t\t<span class=\"elementor-counter-number-suffix\"><\/span>\n\t\t\t<\/div>\n\t\t<\/div>\n\t\t\t\t\t\t<\/div>\n\t\t\t\t<\/div>\n\t\t\t\t<\/div>\n\t\t\t\t<\/div>\n\t\t\t\t<\/div>\n\t\t<div class=\"elementor-element elementor-element-03c75aa e-con-full e-flex text-reveal-no e-con e-child\" data-id=\"03c75aa\" data-element_type=\"container\">\n\t\t<div class=\"elementor-element elementor-element-f827274 e-con-full e-flex text-reveal-no e-con e-child\" data-id=\"f827274\" data-element_type=\"container\">\n\t\t<div class=\"elementor-element elementor-element-7575471 e-con-full e-flex text-reveal-no e-con e-child\" data-id=\"7575471\" data-element_type=\"container\">\n\t\t\t\t<div class=\"elementor-element elementor-element-20d1835 elementor-widget elementor-widget-ceasectiontitle\" data-id=\"20d1835\" data-element_type=\"widget\" data-widget_type=\"ceasectiontitle.default\">\n\t\t\t\t<div class=\"elementor-widget-container\">\n\t\t\t\t\t<div class=\"section-title-wrapper\"><div class=\"title-wrap\"><div class=\"sub-title\"><span class=\"subtitle-dots \" >Votre agence de proximit\u00e9<\/span><\/div><h2 class=\"section-title none\" data-animation=\"none\">Un interlocuteur unique<\/h2><\/div><!-- .title-wrap --><div class=\"section-description\"><p class=\"section-content\">Nous cr\u00e9ons des sites internet sur mesure pour les TPE\/PME (commer\u00e7ants, artisans\u2026), accompagnons les associations dans leur communication visuelle (affiches, livrets, r\u00e9seaux sociaux, sites\u2026), et proposons des reportages photo professionnels pour les entreprises et collectivit\u00e9s.<\/p><\/div><!-- .section-description --><\/div><!-- .section-title-wrapper -->\t\t\t\t<\/div>\n\t\t\t\t<\/div>\n\t\t<div class=\"elementor-element elementor-element-e6329b6 e-con-full e-flex text-reveal-no e-con e-child\" data-id=\"e6329b6\" data-element_type=\"container\">\n\t\t<div class=\"elementor-element elementor-element-6b00255 e-con-full e-flex text-reveal-no e-con e-child\" data-id=\"6b00255\" data-element_type=\"container\" data-settings=\"{&quot;background_background&quot;:&quot;classic&quot;}\">\n\t\t<div class=\"elementor-element elementor-element-87aab81 e-con-full e-flex text-reveal-no e-con e-child\" data-id=\"87aab81\" data-element_type=\"container\" data-settings=\"{&quot;background_background&quot;:&quot;classic&quot;}\">\n\t\t\t\t<div class=\"elementor-element elementor-element-ff31ec2 elementor-widget__width-initial elementor-widget-mobile__width-inherit elementor-widget-tablet__width-inherit cea-view-default elementor-widget elementor-widget-ceafeaturebox\" data-id=\"ff31ec2\" data-element_type=\"widget\" data-widget_type=\"ceafeaturebox.default\">\n\t\t\t\t<div class=\"elementor-widget-container feature-box-wrapper feature-box-default\">\n\t\t\t<div class=\"feature-box-inner\"><h4 class=\"feature-box-title\">Se d\u00e9marquer du classique ?<\/h4><div class=\"fbox-content\">Nous transformons votre site en une exp\u00e9rience unique, en agissant sur plusieurs leviers cl\u00e9s<\/div><\/div>\t\t<\/div>\n\t\t\t\t<\/div>\n\t\t\t\t<\/div>\n\t\t<div class=\"elementor-element elementor-element-502e59c e-con-full e-flex text-reveal-no e-con e-child\" data-id=\"502e59c\" data-element_type=\"container\">\n\t\t\t\t<div class=\"elementor-element elementor-element-d612239 elementor-widget elementor-widget-ceaiconlist\" data-id=\"d612239\" data-element_type=\"widget\" data-widget_type=\"ceaiconlist.default\">\n\t\t\t\t<div class=\"elementor-widget-container\">\n\t\t\t\t\t\t\t\n\t\t<ul class=\"nav flex-column cea-icon-list\">\n\t\t<li class=\"cea-icon-list-item\">\t\t\t\t\t<span class=\"cea-icon-list-icon\">\n\t\t\t\t\t\t<i aria-hidden=\"true\" class=\" bi-arrow-up-right-circle-fill\"><\/i>\t\t\t\t\t<\/span>\n\t\t\t\t<span class=\"icon-list-text\">Un design \u00e9pur\u00e9 et efficace<\/span><\/li><li class=\"cea-icon-list-item\">\t\t\t\t\t<span class=\"cea-icon-list-icon\">\n\t\t\t\t\t\t<i aria-hidden=\"true\" class=\" bi-arrow-up-right-circle-fill\"><\/i>\t\t\t\t\t<\/span>\n\t\t\t\t<span class=\"icon-list-text\">Un site responsive, compatible avec tous les appareils<\/span><\/li><li class=\"cea-icon-list-item\">\t\t\t\t\t<span class=\"cea-icon-list-icon\">\n\t\t\t\t\t\t<i aria-hidden=\"true\" class=\" bi-arrow-up-right-circle-fill\"><\/i>\t\t\t\t\t<\/span>\n\t\t\t\t<span class=\"icon-list-text\">Les derni\u00e8res technologies de s\u00e9curit\u00e9s<\/span><\/li><li class=\"cea-icon-list-item\">\t\t\t\t\t<span class=\"cea-icon-list-icon\">\n\t\t\t\t\t\t<i aria-hidden=\"true\" class=\" bi-arrow-up-right-circle-fill\"><\/i>\t\t\t\t\t<\/span>\n\t\t\t\t<span class=\"icon-list-text\">Un r\u00e9f\u00e9rencement complet int\u00e9gr\u00e9<\/span><\/li>\t\t<\/ul>\n\t\t\n\t\t\t\t\t\t<\/div>\n\t\t\t\t<\/div>\n\t\t\t\t<\/div>\n\t\t\t\t<\/div>\n\t\t\t\t<\/div>\n\t\t\t\t<\/div>\n\t\t\t\t<\/div>\n\t\t\t\t<\/div>\n\t\t\t\t\t<\/div>\n\t\t\t\t<\/div>\n\t\t\t\t<\/div>\n\t\t","protected":false},"excerpt":{"rendered":"<p>objectif \u00c9tudions ensemble votre projet 01. Nous \u00e9tudions votre projet en \u00e9troite collaboration avec vous, pour une solution parfaitement adapt\u00e9e 02. Une premi\u00e8re version est mise en ligne..<\/p>\n","protected":false},"author":1,"featured_media":0,"parent":0,"menu_order":0,"comment_status":"closed","ping_status":"closed","template":"","meta":{"footnotes":""},"class_list":["post-91270","page","type-page","status-publish","hentry"],"_links":{"self":[{"href":"https:\/\/www.studio-origami.fr\/index.php?rest_route=\/wp\/v2\/pages\/91270","targetHints":{"allow":["GET"]}}],"collection":[{"href":"https:\/\/www.studio-origami.fr\/index.php?rest_route=\/wp\/v2\/pages"}],"about":[{"href":"https:\/\/www.studio-origami.fr\/index.php?rest_route=\/wp\/v2\/types\/page"}],"author":[{"embeddable":true,"href":"https:\/\/www.studio-origami.fr\/index.php?rest_route=\/wp\/v2\/users\/1"}],"replies":[{"embeddable":true,"href":"https:\/\/www.studio-origami.fr\/index.php?rest_route=%2Fwp%2Fv2%2Fcomments&post=91270"}],"version-history":[{"count":39,"href":"https:\/\/www.studio-origami.fr\/index.php?rest_route=\/wp\/v2\/pages\/91270\/revisions"}],"predecessor-version":[{"id":91467,"href":"https:\/\/www.studio-origami.fr\/index.php?rest_route=\/wp\/v2\/pages\/91270\/revisions\/91467"}],"wp:attachment":[{"href":"https:\/\/www.studio-origami.fr\/index.php?rest_route=%2Fwp%2Fv2%2Fmedia&parent=91270"}],"curies":[{"name":"wp","href":"https:\/\/api.w.org\/{rel}","templated":true}]}}